{"id":19,"date":"2019-07-03T17:18:06","date_gmt":"2019-07-03T15:18:06","guid":{"rendered":"http:\/\/ascepl.fr\/wordpress\/?page_id=19"},"modified":"2025-07-22T23:55:18","modified_gmt":"2025-07-22T21:55:18","slug":"judo","status":"publish","type":"page","link":"https:\/\/ascepl.fr\/wordpress\/judo\/","title":{"rendered":"JUDO"},"content":{"rendered":"\n<figure class=\"wp-block-image size-large is-resized\"><img loading=\"lazy\" decoding=\"async\" src=\"http:\/\/ascepl.fr\/wordpress\/wp-content\/uploads\/2019\/07\/karate-297878_1280-1024x641.png\" alt=\"\" class=\"wp-image-171\" width=\"125\" height=\"78\" srcset=\"https:\/\/ascepl.fr\/wordpress\/wp-content\/uploads\/2019\/07\/karate-297878_1280-1024x641.png 1024w, https:\/\/ascepl.fr\/wordpress\/wp-content\/uploads\/2019\/07\/karate-297878_1280-300x188.png 300w, https:\/\/ascepl.fr\/wordpress\/wp-content\/uploads\/2019\/07\/karate-297878_1280-768x481.png 768w, https:\/\/ascepl.fr\/wordpress\/wp-content\/uploads\/2019\/07\/karate-297878_1280.png 1280w\" sizes=\"auto, (max-width: 125px) 100vw, 125px\" \/><\/figure>\n\n\n\n<h4 class=\"has-text-align-center wp-block-heading\">  SAISON 2025-2026<\/h4>\n\n\n\n<p class=\"has-text-align-center\"><strong>Reprise des cours lundi 08 septembre<\/strong> <\/p>\n\n\n\n<p class=\"has-text-align-center\"><strong>Pr\u00e9-inscriptions et r\u00e9-inscriptions uniquement par courriel (<meta charset=\"utf-8\"><a href=\"mailto:lorenzato@hotmail.fr\">lorenzato@hotmail.fr<\/a>) <\/strong><\/p>\n\n\n\n<h4 class=\"wp-block-heading\">LIEU DE PRATIQUE  <\/h4>\n\n\n\n<p>GYMNASE LEPIC \/ DURANTIN 45, RUE DURANTIN 75018 PARIS<\/p>\n\n\n\n<h4 class=\"wp-block-heading\"><strong><meta charset=\"utf-8\"><strong>PROFESSEURS<\/strong>&nbsp;<\/strong>dipl\u00f4m\u00e9s d&rsquo;Etat<\/h4>\n\n\n\n<p> Claude LORENZATO : 06 71 57 06 03&nbsp;&nbsp;&nbsp;<a href=\"mailto:lorenzato@hotmail.fr\">lorenzato@hotmail.fr<\/a><\/p>\n\n\n\n<p> Victor LE BOEDEC : 07 86 85 40 22<\/p>\n\n\n\n<h4 class=\"wp-block-heading\"><strong>JOURS ET HEURES D\u2019ENTRA\u00ceNEMENT<\/strong><\/h4>\n\n\n\n<p>Lundi et\nvendredi&nbsp;:<\/p>\n\n\n\n<ul class=\"wp-block-list\"><li>Cours 1, 17h00 &#8211; 18h00 (enfants d\u00e9butants)<\/li><\/ul>\n\n\n\n<ul class=\"wp-block-list\"><li>Cours 2, 18h00 &#8211; 19h00 (enfants confirm\u00e9s)<\/li><\/ul>\n\n\n\n<ul class=\"wp-block-list\"><li>Cours 3, 19h00 &#8211; 20h00&nbsp;(pr\u00e9-adolescents)<\/li><\/ul>\n\n\n\n<ul class=\"wp-block-list\"><li>Cours 4, lundi 20h00 &#8211;  21h30, vendredi 20h00-22h00 et plus (adolescents et adultes) <\/li><\/ul>\n\n\n\n<h4 class=\"wp-block-heading\"><meta charset=\"utf-8\">ADHESION ANNUELLE ASSOCIATIVE 40\u00a0\u20ac  <\/h4>\n\n\n\n<p><strong>Une seule adh\u00e9sion ASCEPL pour toutes les disciplines au sein de l\u2019association par personne<\/strong><\/p>\n\n\n\n<h4 class=\"wp-block-heading\"><strong>COTISATION ANNUELLE <\/strong><\/h4>\n\n\n\n<ul class=\"wp-block-list\"><li>Enfants et \u00e9tudiants : 216 \u20ac\/an <\/li><\/ul>\n\n\n\n<ul class=\"wp-block-list\"><li>Adultes : 300 \u20ac\/an<\/li><\/ul>\n\n\n\n<h4 class=\"wp-block-heading\">Licence FFJDA 46 <meta charset=\"utf-8\"><strong><strong>\u20ac<\/strong><\/strong><\/h4>\n\n\n\n<p>Licence obligatoire pour toutes et tous<\/p>\n\n\n\n<h4 class=\"wp-block-heading\">MODALIT\u00c9S D\u2019INSCRIPTION<\/h4>\n\n\n\n<p class=\"has-text-align-left\"><em>Tous les r\u00e8glements se font \u00e0 l\u2019ordre de<\/em>&nbsp;\u00ab&nbsp;ASCEPL&nbsp;\u00bb  <\/p>\n\n\n\n<p><meta charset=\"utf-8\">Renseignements et r\u00e8glements aupr\u00e8s du professeur<\/p>\n\n\n\n<p>R\u00e9ductions pour plusieurs membres d\u2019une m\u00eame famille (nous contacter) <\/p>\n\n\n\n<p>\u00c2ge minimum pour pratiquer le judo dans notre structure&nbsp;: avoir 6&nbsp;ans au 31 d\u00e9cembre de l\u2019ann\u00e9e d\u2019inscription.<\/p>\n\n\n\n<h4 class=\"wp-block-heading\">OBJET D&rsquo;ENSEIGNEMENT <\/h4>\n\n\n\n<p><strong>Le&nbsp;<em>Judo<\/em>, une \u00e9cole de vie<\/strong><\/p>\n\n\n\n<p>Enseignement selon la m\u00e9thode du Kodokan, \u00e9cole de KANO Jigoro, le fondateur. Nos hauts grad\u00e9s de r\u00e9f\u00e9rence sont Guy Pelletier 9i\u00e8me&nbsp;<em>dan<\/em>&nbsp;(1921-2011), Catherine Andreazzoli 8i\u00e8me&nbsp;<em>dan<\/em>&nbsp;et Fr\u00e9d\u00e9ric Dupuy 6i\u00e8me&nbsp;<em>dan<\/em>. Apprentissage technique et entra\u00eenement sportif adapt\u00e9s&nbsp;au d\u00e9veloppement physique des enfants&nbsp;avec le souci constant du meilleur \u00e9panouissement.<\/p>\n\n\n\n<p>Initiation,\u00a0perfectionnement, pr\u00e9paration aux passages de grades de la ceinture blanche au 4i\u00e8me\u00a0<em>dan<\/em>. Pour la ceinture noire,\u00a0accueil suppl\u00e9mentaire possible avec autorisation du professeur dans les structures\u00a0associatives du  Judo Sporting Club Saint-Denis (93200).<\/p>\n\n\n\n<p>Rencontres amicales avec des clubs partageant la m\u00eame conception du&nbsp;<em>judo<\/em>.  <\/p>\n\n\n\n<h4 class=\"wp-block-heading\"> Le certificat m\u00e9dical pour la pratique du judo<br> &#8211; obligatoire pour les comp\u00e9titeurs (valable trois ans \u00e0 date anniversaire portant la mention :&nbsp;<strong><em>\u00ab Absence de contre-indication apparente \u00e0 la pratique du judo-jujutsu en comp\u00e9tition \u00bb<\/em><\/strong>),<br> &#8211; ou, <strong>Attestation sant\u00e9<\/strong>&nbsp;stipulant que vous avez r\u00e9pondu par la n\u00e9gative \u00e0 toutes les rubriques du document Cerfa 15699*01  (cf.PDF ci-dessous)<\/h4>\n\n\n<p align=\"center\">\n<a target=\"_blank\" href=\"http:\/\/ascepl.fr\/wordpress\/wp-content\/uploads\/2019\/07\/questionnaire_qs-sport.pdf\" rel=\"noopener noreferrer\"><br \/>\n<img loading=\"lazy\" decoding=\"async\" border=\"0\" src=\"http:\/\/ascepl.fr\/wordpress\/wp-content\/uploads\/2019\/07\/pdf1.jpg\" width=\"21\" height=\"21\">questionnaire-de-sant\u00e9<\/a><\/p>\n\n\n\n<div class=\"wp-block-image\"><figure class=\"aligncenter is-resized\"><img loading=\"lazy\" decoding=\"async\" src=\"http:\/\/ascepl.fr\/wordpress\/wp-content\/uploads\/2019\/07\/karate-297878_1280-1024x641.png\" alt=\"\" class=\"wp-image-171\" width=\"145\" height=\"91\" srcset=\"https:\/\/ascepl.fr\/wordpress\/wp-content\/uploads\/2019\/07\/karate-297878_1280-1024x641.png 1024w, https:\/\/ascepl.fr\/wordpress\/wp-content\/uploads\/2019\/07\/karate-297878_1280-300x188.png 300w, https:\/\/ascepl.fr\/wordpress\/wp-content\/uploads\/2019\/07\/karate-297878_1280-768x481.png 768w, https:\/\/ascepl.fr\/wordpress\/wp-content\/uploads\/2019\/07\/karate-297878_1280.png 1280w\" sizes=\"auto, (max-width: 145px) 100vw, 145px\" \/><\/figure><\/div>\n","protected":false},"excerpt":{"rendered":"<div class=\"mh-excerpt\"><p>SAISON 2025-2026 Reprise des cours lundi 08 septembre Pr\u00e9-inscriptions et r\u00e9-inscriptions uniquement par courriel (lorenzato@hotmail.fr) LIEU DE PRATIQUE GYMNASE LEPIC \/ DURANTIN 45, RUE DURANTIN <a class=\"mh-excerpt-more\" href=\"https:\/\/ascepl.fr\/wordpress\/judo\/\" title=\"JUDO\">[&#8230;]<\/a><\/p>\n<\/div>","protected":false},"author":1,"featured_media":0,"parent":0,"menu_order":0,"comment_status":"closed","ping_status":"closed","template":"","meta":{"footnotes":""},"class_list":["post-19","page","type-page","status-publish","hentry"],"_links":{"self":[{"href":"https:\/\/ascepl.fr\/wordpress\/wp-json\/wp\/v2\/pages\/19","targetHints":{"allow":["GET"]}}],"collection":[{"href":"https:\/\/ascepl.fr\/wordpress\/wp-json\/wp\/v2\/pages"}],"about":[{"href":"https:\/\/ascepl.fr\/wordpress\/wp-json\/wp\/v2\/types\/page"}],"author":[{"embeddable":true,"href":"https:\/\/ascepl.fr\/wordpress\/wp-json\/wp\/v2\/users\/1"}],"replies":[{"embeddable":true,"href":"https:\/\/ascepl.fr\/wordpress\/wp-json\/wp\/v2\/comments?post=19"}],"version-history":[{"count":51,"href":"https:\/\/ascepl.fr\/wordpress\/wp-json\/wp\/v2\/pages\/19\/revisions"}],"predecessor-version":[{"id":897,"href":"https:\/\/ascepl.fr\/wordpress\/wp-json\/wp\/v2\/pages\/19\/revisions\/897"}],"wp:attachment":[{"href":"https:\/\/ascepl.fr\/wordpress\/wp-json\/wp\/v2\/media?parent=19"}],"curies":[{"name":"wp","href":"https:\/\/api.w.org\/{rel}","templated":true}]}}