{"id":34,"date":"2019-07-03T18:02:06","date_gmt":"2019-07-03T16:02:06","guid":{"rendered":"http:\/\/ascepl.fr\/wordpress\/?page_id=34"},"modified":"2025-07-23T00:02:19","modified_gmt":"2025-07-22T22:02:19","slug":"tennis-de-table","status":"publish","type":"page","link":"https:\/\/ascepl.fr\/wordpress\/tennis-de-table\/","title":{"rendered":"TENNIS DE TABLE"},"content":{"rendered":"\n<h4 class=\"has-text-align-center wp-block-heading\">  <\/h4>\n\n\n\n<figure class=\"wp-block-image size-full is-resized\"><img loading=\"lazy\" decoding=\"async\" src=\"http:\/\/ascepl.fr\/wordpress\/wp-content\/uploads\/2022\/07\/Capture-de\u0301cran-2022-07-20-a\u0300-15.25.25.png\" alt=\"\" class=\"wp-image-696\" width=\"115\" height=\"72\" srcset=\"https:\/\/ascepl.fr\/wordpress\/wp-content\/uploads\/2022\/07\/Capture-de\u0301cran-2022-07-20-a\u0300-15.25.25.png 546w, https:\/\/ascepl.fr\/wordpress\/wp-content\/uploads\/2022\/07\/Capture-de\u0301cran-2022-07-20-a\u0300-15.25.25-300x188.png 300w\" sizes=\"auto, (max-width: 115px) 100vw, 115px\" \/><\/figure>\n\n\n\n<p><\/p>\n\n\n\n<h4 class=\"has-text-align-center has-vivid-green-cyan-color has-text-color wp-block-heading\"><span class=\"has-inline-color has-black-color\">Saison 2025-2026 <\/span><\/h4>\n\n\n\n<p class=\"has-text-align-center\"><strong>Reprise des cours samedi 13 septembre<\/strong><\/p>\n\n\n\n<h4 class=\"wp-block-heading\">LIEU DE PRATIQUE<\/h4>\n\n\n\n<p class=\"has-text-align-left\">GYMNASE LEPIC \/ DURANTIN 45, RUE DURANTIN 75018 PARIS<\/p>\n\n\n\n<h4 class=\"wp-block-heading\"><strong><meta charset=\"utf-8\"><strong>PROFESSEURS<\/strong>&nbsp;<\/strong><meta charset=\"utf-8\">dipl\u00f4m\u00e9s d&rsquo;Etat<\/h4>\n\n\n\n<p>Pascal MORAND : 06 29 05 88 79&nbsp;&nbsp; <a href=\"mailto:morandpascal@free.fr\">morandpascal@free.fr<\/a> professeur certifi\u00e9 d&rsquo;EPS<\/p>\n\n\n\n<h4 class=\"wp-block-heading\"><strong>JOURS ET HEURES D\u2019ENTRA\u00ceNEMENT<\/strong><\/h4>\n\n\n\n<ul class=\"wp-block-list\"><li>Samedi 16h30 \u00e0 17h50: jeunes   <\/li><\/ul>\n\n\n\n<ul class=\"wp-block-list\"><li>Samedi 18h05 \u00e0 19h30: ados et adultes    <\/li><\/ul>\n\n\n\n<h4 class=\"wp-block-heading\"><meta charset=\"utf-8\"><strong>ADHESION ANNUELLE ASSOCIATIVE 40&nbsp;\u20ac<\/strong>  <\/h4>\n\n\n\n<p><strong>Une seule adh\u00e9sion ASCEPL pour toutes les disciplines au sein de l\u2019association par personne<\/strong><\/p>\n\n\n\n<h4 class=\"wp-block-heading\">COTISATION ANNUELLE<\/h4>\n\n\n\n<ul class=\"wp-block-list\"><li><strong>Jeunes<\/strong>: 241\u20ac\/an   \/ Pour 2 membres d&rsquo;une m\u00eame famille 205\u20ac\/an  <\/li><\/ul>\n\n\n\n<ul class=\"wp-block-list\"><li><strong>Adultes<\/strong>:  265\u20ac\/an  \/ Pour 2 membres d&rsquo;une m\u00eame famille 235\u20ac\/an  <\/li><\/ul>\n\n\n\n<h4 class=\"wp-block-heading\">MODALIT\u00c9S D\u2019INSCRIPTION<\/h4>\n\n\n\n<p class=\"has-text-align-left\"><em>Tous les r\u00e8glements se font \u00e0 l&rsquo;ordre de<\/em> \u00ab\u00a0<strong>ASCEPL<\/strong>\u00a0\u00bb  <\/p>\n\n\n\n<p><meta charset=\"utf-8\">Renseignements et r\u00e8glements aupr\u00e8s du professeur<\/p>\n\n\n\n<h4 class=\"wp-block-heading\">OBJET DE L&rsquo;ENSEIGNEMENT<\/h4>\n\n\n\n<p>Pratique de loisir pour tous en toute convivialit\u00e9, tous niveaux.  5 tournois sont propos\u00e9s dans l&rsquo;ann\u00e9e, ouverture \u00e0 la comp\u00e9tition, classement club. <\/p>\n\n\n\n<p><\/p>\n\n\n\n<h5 class=\"wp-block-heading\">Le certificat m\u00e9dical pour la pratique du tennis de table <\/h5>\n\n\n\n<p>\u2013 obligatoire pour la premi\u00e8re adh\u00e9sion,<br>\u2013 obligatoire pour les comp\u00e9titeurs (valable une ann\u00e9e \u00e0 date anniversaire portant la mention :&nbsp;<strong><em>\u00ab Absence de contre-indication apparente \u00e0 la pratique du<\/em><\/strong><em><strong> <\/strong><\/em><strong>tennis de table <em> \u00bb<\/em><\/strong><br>\u2013 ou, si nous poss\u00e9dons d\u00e9j\u00e0 un certificat m\u00e9dical (valable trois ans maximum), vous pouvez nous signer une&nbsp;<strong>Attestation sant\u00e9<\/strong>&nbsp;stipulant que vous avez r\u00e9pondu par la n\u00e9gative \u00e0 toutes les rubriques du document Cerfa 15699*01  <\/p>\n\n\n<p align=\"center\">\n<a target=\"_blank\" href=\"http:\/\/ascepl.fr\/wordpress\/wp-content\/uploads\/2019\/07\/questionnaire_qs-sport.pdf\" rel=\"noopener noreferrer\"><br \/>\n<img loading=\"lazy\" decoding=\"async\" border=\"0\" src=\"http:\/\/ascepl.fr\/wordpress\/wp-content\/uploads\/2019\/07\/pdf1.jpg\" width=\"21\" height=\"21\">questionnaire-de-sant\u00e9<\/a><\/p>\n\n\n\n<div class=\"wp-block-image\"><figure class=\"aligncenter size-full is-resized\"><img loading=\"lazy\" decoding=\"async\" src=\"http:\/\/ascepl.fr\/wordpress\/wp-content\/uploads\/2022\/07\/Capture-de\u0301cran-2022-07-20-a\u0300-15.25.25.png\" alt=\"\" class=\"wp-image-696\" width=\"137\" height=\"86\" srcset=\"https:\/\/ascepl.fr\/wordpress\/wp-content\/uploads\/2022\/07\/Capture-de\u0301cran-2022-07-20-a\u0300-15.25.25.png 546w, https:\/\/ascepl.fr\/wordpress\/wp-content\/uploads\/2022\/07\/Capture-de\u0301cran-2022-07-20-a\u0300-15.25.25-300x188.png 300w\" sizes=\"auto, (max-width: 137px) 100vw, 137px\" \/><\/figure><\/div>\n\n\n\n<p><\/p>\n","protected":false},"excerpt":{"rendered":"<div class=\"mh-excerpt\"><p>Saison 2025-2026 Reprise des cours samedi 13 septembre LIEU DE PRATIQUE GYMNASE LEPIC \/ DURANTIN 45, RUE DURANTIN 75018 PARIS PROFESSEURS&nbsp;dipl\u00f4m\u00e9s d&rsquo;Etat Pascal MORAND : <a class=\"mh-excerpt-more\" href=\"https:\/\/ascepl.fr\/wordpress\/tennis-de-table\/\" title=\"TENNIS DE TABLE\">[&#8230;]<\/a><\/p>\n<\/div>","protected":false},"author":1,"featured_media":0,"parent":0,"menu_order":0,"comment_status":"closed","ping_status":"closed","template":"","meta":{"footnotes":""},"class_list":["post-34","page","type-page","status-publish","hentry"],"_links":{"self":[{"href":"https:\/\/ascepl.fr\/wordpress\/wp-json\/wp\/v2\/pages\/34","targetHints":{"allow":["GET"]}}],"collection":[{"href":"https:\/\/ascepl.fr\/wordpress\/wp-json\/wp\/v2\/pages"}],"about":[{"href":"https:\/\/ascepl.fr\/wordpress\/wp-json\/wp\/v2\/types\/page"}],"author":[{"embeddable":true,"href":"https:\/\/ascepl.fr\/wordpress\/wp-json\/wp\/v2\/users\/1"}],"replies":[{"embeddable":true,"href":"https:\/\/ascepl.fr\/wordpress\/wp-json\/wp\/v2\/comments?post=34"}],"version-history":[{"count":88,"href":"https:\/\/ascepl.fr\/wordpress\/wp-json\/wp\/v2\/pages\/34\/revisions"}],"predecessor-version":[{"id":900,"href":"https:\/\/ascepl.fr\/wordpress\/wp-json\/wp\/v2\/pages\/34\/revisions\/900"}],"wp:attachment":[{"href":"https:\/\/ascepl.fr\/wordpress\/wp-json\/wp\/v2\/media?parent=34"}],"curies":[{"name":"wp","href":"https:\/\/api.w.org\/{rel}","templated":true}]}}