{"id":5,"date":"2019-07-03T16:49:36","date_gmt":"2019-07-03T14:49:36","guid":{"rendered":"http:\/\/ascepl.fr\/wordpress\/?page_id=5"},"modified":"2025-07-22T23:45:24","modified_gmt":"2025-07-22T21:45:24","slug":"accueil","status":"publish","type":"page","link":"https:\/\/ascepl.fr\/wordpress\/","title":{"rendered":"ACCUEIL"},"content":{"rendered":"\n<div class=\"wp-block-image\"><figure class=\"alignleft size-full is-resized\"><img loading=\"lazy\" decoding=\"async\" src=\"https:\/\/ascepl.fr\/wordpress\/wp-content\/uploads\/2022\/07\/Capture-de\u0301cran-2022-07-20-a\u0300-15.13.43.png\" alt=\"\" class=\"wp-image-683\" width=\"99\" height=\"92\" srcset=\"https:\/\/ascepl.fr\/wordpress\/wp-content\/uploads\/2022\/07\/Capture-de\u0301cran-2022-07-20-a\u0300-15.13.43.png 630w, https:\/\/ascepl.fr\/wordpress\/wp-content\/uploads\/2022\/07\/Capture-de\u0301cran-2022-07-20-a\u0300-15.13.43-300x280.png 300w\" sizes=\"auto, (max-width: 99px) 100vw, 99px\" \/><\/figure><\/div>\n\n\n\n<p class=\"has-text-align-center\"><strong>Association Sportive et Culturelle d\u2019\u00c9ducation Populaire Lepic<\/strong><br> (association \u00e0 but non lucratif r\u00e9gie par la loi de 1901)<br> Si\u00e8ge social: 112 ter Rue Marcadet 75018 PARIS<br> N\u00b0 SIREN : 452 342 280   N\u00b0 SIRET : 452 342 280 00016<br> Association agr\u00e9e par le minist\u00e8re du temps libre  Jeunesse et sport  n\u00b07558128<\/p>\n\n\n\n<p><\/p>\n\n\n\n<p><\/p>\n\n\n\n<h4 class=\"has-text-align-center wp-block-heading\"><span class=\"has-inline-color has-black-color\">SAISON 2025-2026   <\/span><\/h4>\n\n\n\n<h4 class=\"has-text-align-left wp-block-heading\"><span class=\"has-inline-color has-black-color\">L&rsquo;ambition de l&rsquo;ASCEPL est de promouvoir l\u2019activit\u00e9 physique et sportive comme un \u00e9l\u00e9ment d\u00e9terminant, \u00e0 part enti\u00e8re, de sant\u00e9 et de bien-\u00eatre, pour toutes et tous, tout au long de la vie.&nbsp;Notre association s\u2019adresse \u00e0 tous les publics en veillant en particulier \u00e0 la r\u00e9duction des in\u00e9galit\u00e9s sociales d\u2019acc\u00e8s \u00e0 la pratique d\u2019activit\u00e9 physique et sportive et au d\u00e9veloppement de l\u2019offre d\u2019activit\u00e9 physique vari\u00e9e et adapt\u00e9e \u00e0 tous.<\/span><\/h4>\n\n\n\n<p><\/p>\n\n\n\n<h4 class=\"has-text-align-center wp-block-heading\">Bienvenue \u00e0 L&rsquo;ASCEPL ! <\/h4>\n\n\n\n<h4 class=\"has-text-align-center wp-block-heading\">Nous  vous souhaitons une tr\u00e8s belle saison 2025-2026 !<\/h4>\n\n\n\n<p><\/p>\n\n\n\n<p><\/p>\n\n\n\n<p class=\"has-text-align-center\"><\/p>\n\n\n\n<p><\/p>\n\n\n\n<p><\/p>\n\n\n\n<h4 class=\"wp-block-heading\">LE MOT DU PR\u00c9SIDENT<\/h4>\n\n\n\n<p class=\"has-text-align-left\">Situ\u00e9e dans le plus charismatique des quartiers de Paris, notre association, fond\u00e9e le 9 d\u00e9cembre 1976, qui se veut dynamique, conviviale et familiale, vous accueille pendant toute la p\u00e9riode scolaire au gymnase Lepic&nbsp;. <\/p>\n\n\n\n<p class=\"has-text-align-left\">L\u2019association&nbsp;a pour objet la pratique de toutes activit\u00e9s sportives propres \u00e0 la formation physique, morale, sociale et culturelle de la personne , afin de contribuer \u00e0 son \u00e9panouissement et \u00e0 son d\u00e9veloppement harmonieux. L\u2019association r\u00e9pond \u00e0 une demande essentiellement de quartier, et s\u2019adapte r\u00e9guli\u00e8rement en proposant des activit\u00e9s sportives qui r\u00e9pondent \u00e0 cette ambition. <\/p>\n\n\n\n<p class=\"has-text-align-left\">Les moyens d\u2019action sont essentiellement les cours&nbsp;<em>(dispens\u00e9s par des professeurs qui sont tous dipl\u00f4m\u00e9s d\u2019Etat<\/em>) les comp\u00e9titions amicales, et les comp\u00e9titions organis\u00e9es par les f\u00e9d\u00e9rations respectives qui r\u00e9gissent la pratique. Parfois, des stages, pendant les vacances scolaires, sont propos\u00e9s.<\/p>\n\n\n\n<p class=\"has-text-align-left\">Plus de 400 adh\u00e9rents de tous \u00e2ges se rencontrent ainsi autour du judo, du karat\u00e9, du tennis de table, des arts du cirque et de la gymnastique de bien-\u00eatre afin de promouvoir la pratique sportive la plus large possible. <\/p>\n\n\n\n<p>Les inscriptions et les cours d\u2019essai \u00e9ventuels se font directement au gymnase aux horaires de cours, vous pouvez joindre directement les professeurs pour d&rsquo;amples informations.<\/p>\n\n\n\n<p>Excellente saison sportive \u00e0 toutes et \u00e0 tous !<\/p>\n\n\n\n<p>Amiti\u00e9s sportives  <\/p>\n\n\n\n<p>Fabrice Bresler<\/p>\n\n\n\n<p class=\"has-text-align-center\"><strong><span class=\"has-inline-color has-vivid-cyan-blue-color\">Rendez-vous sur la page de votre activit\u00e9 sportive afin d&rsquo;y trouver les informations n\u00e9cessaires \u00e0 la reprise.<\/span><\/strong><\/p>\n\n\n<p align=\"center\"><iframe loading=\"lazy\" src=\"https:\/\/www.google.com\/maps\/embed?pb=!1m18!1m12!1m3!1d2623.500638364075!2d2.3324310150857674!3d48.88679537929029!2m3!1f0!2f0!3f0!3m2!1i1024!2i768!4f13.1!3m3!1m2!1s0x47e66e501e9af7d9%3A0xc0732ad19e3ca31!2sA+S+C+E+P+L!5e0!3m2!1sfr!2sfr!4v1562176021080!5m2!1sfr!2sfr\" width=\"600\" height=\"450\" frameborder=\"0\" style=\"border:0\" allowfullscreen=\"\"><\/iframe><\/p>\n\n\n\n<figure class=\"wp-block-gallery columns-0 is-cropped wp-block-gallery-1 is-layout-flex wp-block-gallery-is-layout-flex\"><ul class=\"blocks-gallery-grid\"><\/ul><\/figure>\n\n\n\n<p><\/p>\n\n\n","protected":false},"excerpt":{"rendered":"<div class=\"mh-excerpt\"><p>Association Sportive et Culturelle d\u2019\u00c9ducation Populaire Lepic (association \u00e0 but non lucratif r\u00e9gie par la loi de 1901) Si\u00e8ge social: 112 ter Rue Marcadet 75018 <a class=\"mh-excerpt-more\" href=\"https:\/\/ascepl.fr\/wordpress\/\" title=\"ACCUEIL\">[&#8230;]<\/a><\/p>\n<\/div>","protected":false},"author":1,"featured_media":0,"parent":0,"menu_order":0,"comment_status":"closed","ping_status":"closed","template":"","meta":{"footnotes":""},"class_list":["post-5","page","type-page","status-publish","hentry"],"_links":{"self":[{"href":"https:\/\/ascepl.fr\/wordpress\/wp-json\/wp\/v2\/pages\/5","targetHints":{"allow":["GET"]}}],"collection":[{"href":"https:\/\/ascepl.fr\/wordpress\/wp-json\/wp\/v2\/pages"}],"about":[{"href":"https:\/\/ascepl.fr\/wordpress\/wp-json\/wp\/v2\/types\/page"}],"author":[{"embeddable":true,"href":"https:\/\/ascepl.fr\/wordpress\/wp-json\/wp\/v2\/users\/1"}],"replies":[{"embeddable":true,"href":"https:\/\/ascepl.fr\/wordpress\/wp-json\/wp\/v2\/comments?post=5"}],"version-history":[{"count":60,"href":"https:\/\/ascepl.fr\/wordpress\/wp-json\/wp\/v2\/pages\/5\/revisions"}],"predecessor-version":[{"id":892,"href":"https:\/\/ascepl.fr\/wordpress\/wp-json\/wp\/v2\/pages\/5\/revisions\/892"}],"wp:attachment":[{"href":"https:\/\/ascepl.fr\/wordpress\/wp-json\/wp\/v2\/media?parent=5"}],"curies":[{"name":"wp","href":"https:\/\/api.w.org\/{rel}","templated":true}]}}