{"id":51,"date":"2019-07-03T18:59:46","date_gmt":"2019-07-03T16:59:46","guid":{"rendered":"http:\/\/ascepl.fr\/wordpress\/?page_id=51"},"modified":"2025-07-23T00:09:12","modified_gmt":"2025-07-22T22:09:12","slug":"arts-du-cirque","status":"publish","type":"page","link":"https:\/\/ascepl.fr\/wordpress\/arts-du-cirque\/","title":{"rendered":"GYM &#8211; CIRQUE"},"content":{"rendered":"\n<figure class=\"wp-block-image size-full is-resized\"><img loading=\"lazy\" decoding=\"async\" src=\"https:\/\/ascepl.fr\/wordpress\/wp-content\/uploads\/2022\/07\/Capture-de\u0301cran-2022-07-20-a\u0300-15.12.09.png\" alt=\"\" class=\"wp-image-681\" width=\"127\" height=\"125\"\/><\/figure>\n\n\n\n<h3 class=\"has-text-align-center wp-block-heading\">                                                                                <strong>SAISON 2025-202<\/strong>6<\/h3>\n\n\n\n<p class=\"has-text-align-center\"><span class=\"has-inline-color has-black-color\"><strong>Reprise des cours le mardi 09 septembre et le jeudi 11 septembre<\/strong><\/span><\/p>\n\n\n\n<h4 class=\"wp-block-heading\">LIEU DE PRATIQUE<\/h4>\n\n\n\n<p class=\"has-text-align-left\"> GYMNASE LEPIC \/ DURANTIN 45, RUE DURANTIN 75018 PARIS<\/p>\n\n\n\n<h4 class=\"wp-block-heading\">PROFESSEURS <meta charset=\"utf-8\">dipl\u00f4m\u00e9s d&rsquo;Etat<\/h4>\n\n\n\n<p>Corinne PIEROTTI &nbsp;t\u00e9l : &nbsp;06 71 54 33 17  cococivilcosta@yahoo.fr<\/p>\n\n\n\n<p>Fabrice BRESLER   t\u00e9l : &nbsp;06 74 08 34 64  fabricebresler@yahoo.fr<\/p>\n\n\n\n<p>Niels GUTTERMANN  tel : 06 82 85 39 91 nielsguttermann@gmail.com<\/p>\n\n\n\n<p>Elian CIVIL-COSTA<\/p>\n\n\n\n<h4 class=\"wp-block-heading\"><strong>JOURS ET HEURES D\u2019ENTRA\u00ceNEMENT<\/strong><\/h4>\n\n\n\n<p>Mardi : 17h \u00e0 18h45 (5-9 ans)<\/p>\n\n\n\n<p>Jeudi :  17h \u00e0 18h45 (9-15 ans)<\/p>\n\n\n\n<h4 class=\"wp-block-heading\"><strong><meta charset=\"utf-8\"><strong>ADHESION ANNUELLE ASSOCIATIVE 40&nbsp;\u20ac<\/strong>  <\/strong><\/h4>\n\n\n\n<p><strong>Une seule adh\u00e9sion ASCEPL pour toutes les disciplines au sein de l\u2019association par personne<\/strong><\/p>\n\n\n\n<h4 class=\"wp-block-heading\">COTISATION ANNUELLE<\/h4>\n\n\n\n<ul class=\"wp-block-list\"><li>Mardi : 365\u20ac <\/li><li>Jeudi : 365\u20ac <\/li><\/ul>\n\n\n\n<h4 class=\"wp-block-heading\">MODALIT\u00c9S D&rsquo;INSCRIPTION<\/h4>\n\n\n\n<p><meta charset=\"utf-8\">Renseignements et r\u00e8glements aupr\u00e8s du professeur. <\/p>\n\n\n\n<p>Pour une pr\u00e9-inscription (liste d&rsquo;attente), envoyez au 06 71 54 33 17 nom, pr\u00e9nom et date de naissance de l&rsquo;enfant concern\u00e9, vous recevrez une r\u00e9ponse en retour de SMS.<\/p>\n\n\n\n<p class=\"has-text-align-left\"><em>Tous les r\u00e8glements se font \u00e0 l\u2019ordre de<\/em>&nbsp;\u00ab&nbsp;ASCEPL&nbsp;\u00bb <\/p>\n\n\n\n<p>Ateliers circassiens, de gymnastique sur agr\u00e8s, et de GR.<\/p>\n\n\n\n<h4 class=\"wp-block-heading\"><strong>OBJETS D&rsquo;ENSEIGNEMENT<\/strong><\/h4>\n\n\n\n<p>Repr\u00e9sentation de fin d&rsquo;ann\u00e9e : spectacle cr\u00e9\u00e9 par les jeunes artistes !<\/p>\n\n\n\n<p><\/p>\n\n\n\n<h4 class=\"wp-block-heading\">Le certificat m\u00e9dical pour la pratique des ARTS DU CIRQUE&nbsp;<\/h4>\n\n\n\n<p> &#8211; Obligatoire pour la premi\u00e8re adh\u00e9sion, <strong><em>\u00ab Absence de contre-indication apparente \u00e0 la pratique d<\/em>es Arts du Cirque&nbsp;<em>\u00bb<\/em><\/strong> <br> &#8211; Si nous poss\u00e9dons d\u00e9j\u00e0 un certificat m\u00e9dical (valable trois ans maximum), vous pouvez nous signer une&nbsp;<strong>Attestation sant\u00e9<\/strong>&nbsp;stipulant que vous avez r\u00e9pondu par la n\u00e9gative \u00e0 toutes les rubriques du document Cerfa 15699*01<\/p>\n\n\n\n<h4 class=\"wp-block-heading\">ACTIVIT\u00c9S \u00c0 LA MAISON POUR TOUTE LA FAMILE !<\/h4>\n\n\n\n<p class=\"has-text-align-left\"><strong><span class=\"has-inline-color has-black-color\">Un site d&rsquo;activit\u00e9s \u00e0 faire \u00e0 la maison, en famille est propos\u00e9 en acc\u00e8s libre pour tous les jeunes adh\u00e9rents : cliquez sur le lien ci-dessous<\/span><\/strong><\/p>\n\n\n\n<p class=\"has-text-align-left\"><a href=\"https:\/\/padlet.com\/corinne_pierotti\/gjlqhnvam9wn\">https:\/\/padlet.com\/corinne_pierotti\/gjlqhnvam9wn<\/a><\/p>\n\n\n<p align=\"center\">\n<a target=\"_blank\" href=\"http:\/\/ascepl.fr\/wordpress\/wp-content\/uploads\/2019\/07\/questionnaire_qs-sport.pdf\" rel=\"noopener noreferrer\"><br \/>\n<img loading=\"lazy\" decoding=\"async\" border=\"0\" src=\"http:\/\/ascepl.fr\/wordpress\/wp-content\/uploads\/2019\/07\/pdf1.jpg\" width=\"21\" height=\"21\">questionnaire-de-sant\u00e9<\/a><\/p>\n\n\n\n<div class=\"wp-block-image\"><figure class=\"aligncenter is-resized\"><img loading=\"lazy\" decoding=\"async\" src=\"http:\/\/ascepl.fr\/wordpress\/wp-content\/uploads\/2019\/07\/amusement-1298959_1280-1024x512.png\" alt=\"\" class=\"wp-image-155\" width=\"384\" height=\"192\" srcset=\"https:\/\/ascepl.fr\/wordpress\/wp-content\/uploads\/2019\/07\/amusement-1298959_1280-1024x512.png 1024w, https:\/\/ascepl.fr\/wordpress\/wp-content\/uploads\/2019\/07\/amusement-1298959_1280-300x150.png 300w, https:\/\/ascepl.fr\/wordpress\/wp-content\/uploads\/2019\/07\/amusement-1298959_1280-768x384.png 768w, https:\/\/ascepl.fr\/wordpress\/wp-content\/uploads\/2019\/07\/amusement-1298959_1280.png 1280w\" sizes=\"auto, (max-width: 384px) 100vw, 384px\" \/><\/figure><\/div>\n","protected":false},"excerpt":{"rendered":"<div class=\"mh-excerpt\"><p>SAISON 2025-2026 Reprise des cours le mardi 09 septembre et le jeudi 11 septembre LIEU DE PRATIQUE GYMNASE LEPIC \/ DURANTIN 45, RUE DURANTIN 75018 <a class=\"mh-excerpt-more\" href=\"https:\/\/ascepl.fr\/wordpress\/arts-du-cirque\/\" title=\"GYM &#8211; CIRQUE\">[&#8230;]<\/a><\/p>\n<\/div>","protected":false},"author":1,"featured_media":0,"parent":0,"menu_order":0,"comment_status":"closed","ping_status":"closed","template":"","meta":{"footnotes":""},"class_list":["post-51","page","type-page","status-publish","hentry"],"_links":{"self":[{"href":"https:\/\/ascepl.fr\/wordpress\/wp-json\/wp\/v2\/pages\/51","targetHints":{"allow":["GET"]}}],"collection":[{"href":"https:\/\/ascepl.fr\/wordpress\/wp-json\/wp\/v2\/pages"}],"about":[{"href":"https:\/\/ascepl.fr\/wordpress\/wp-json\/wp\/v2\/types\/page"}],"author":[{"embeddable":true,"href":"https:\/\/ascepl.fr\/wordpress\/wp-json\/wp\/v2\/users\/1"}],"replies":[{"embeddable":true,"href":"https:\/\/ascepl.fr\/wordpress\/wp-json\/wp\/v2\/comments?post=51"}],"version-history":[{"count":53,"href":"https:\/\/ascepl.fr\/wordpress\/wp-json\/wp\/v2\/pages\/51\/revisions"}],"predecessor-version":[{"id":906,"href":"https:\/\/ascepl.fr\/wordpress\/wp-json\/wp\/v2\/pages\/51\/revisions\/906"}],"wp:attachment":[{"href":"https:\/\/ascepl.fr\/wordpress\/wp-json\/wp\/v2\/media?parent=51"}],"curies":[{"name":"wp","href":"https:\/\/api.w.org\/{rel}","templated":true}]}}