{"id":54,"date":"2019-07-03T19:04:39","date_gmt":"2019-07-03T17:04:39","guid":{"rendered":"http:\/\/ascepl.fr\/wordpress\/?page_id=54"},"modified":"2025-08-29T12:25:13","modified_gmt":"2025-08-29T10:25:13","slug":"qi-gong","status":"publish","type":"page","link":"https:\/\/ascepl.fr\/wordpress\/qi-gong\/","title":{"rendered":"QI GONG &#038; TAI-CHI"},"content":{"rendered":"\n<figure class=\"wp-block-image size-large is-resized\"><img loading=\"lazy\" decoding=\"async\" width=\"549\" height=\"1024\" src=\"http:\/\/ascepl.fr\/wordpress\/wp-content\/uploads\/2019\/07\/silhouette-3087521_1280-549x1024.png\" alt=\"\" class=\"wp-image-177\" style=\"width:75px;height:140px\" srcset=\"https:\/\/ascepl.fr\/wordpress\/wp-content\/uploads\/2019\/07\/silhouette-3087521_1280-549x1024.png 549w, https:\/\/ascepl.fr\/wordpress\/wp-content\/uploads\/2019\/07\/silhouette-3087521_1280-161x300.png 161w, https:\/\/ascepl.fr\/wordpress\/wp-content\/uploads\/2019\/07\/silhouette-3087521_1280.png 686w\" sizes=\"auto, (max-width: 549px) 100vw, 549px\" \/><\/figure>\n\n\n\n<h4 class=\"wp-block-heading has-text-align-center\"><meta charset=\"utf-8\"><\/h4>\n\n\n\n<h4 class=\"wp-block-heading has-text-align-center\">SAISON 2025-2026<\/h4>\n\n\n\n<h4 class=\"wp-block-heading has-text-align-center\">Reprise le 18 septembre <\/h4>\n\n\n\n<h4 class=\"wp-block-heading\">LIEU DE PRATIQUE<\/h4>\n\n\n\n<p class=\"has-text-align-left\"> GYMNASE LEPIC \/ DURANTIN 45, RUE DURANTIN 75018 PARIS<\/p>\n\n\n\n<h4 class=\"wp-block-heading\"><strong>PROFESSEUR<\/strong>E <meta charset=\"utf-8\">dipl\u00f4m\u00e9e<\/h4>\n\n\n\n<p>Mme Isabelle SPOHR&nbsp;<em>t\u00e9l: 06 09 18 82 77&nbsp;<\/em> <a href=\"mailto:Yuanqi.75018@gmail.com\">Yuanqi.75018@gmail.com<\/a><\/p>\n\n\n\n<h4 class=\"wp-block-heading\"><strong>JOURS ET HEURES D\u2019ENTRA\u00ceNEMENT<\/strong><\/h4>\n\n\n\n<ul class=\"wp-block-list\">\n<li>Jeudi : 12h \u00e0 13h15    Qigong reprise le 19 septembre <\/li>\n<\/ul>\n\n\n\n<h4 class=\"wp-block-heading\"><strong><meta charset=\"utf-8\"><strong><strong>ADHESION ANNUELLE ASSOCIATIVE 40&nbsp;\u20ac<\/strong>  <\/strong><\/strong><\/h4>\n\n\n\n<p><strong>Une seule adh\u00e9sion ASCEPL pour toutes les disciplines au sein de l\u2019association par personne<\/strong><\/p>\n\n\n\n<h4 class=\"wp-block-heading\">COTISATION ANNUELLE<\/h4>\n\n\n\n<p>Cours d&rsquo; 1h15 minutes : 405\u20ac\/an <\/p>\n\n\n\n<h4 class=\"wp-block-heading\">MODALIT\u00c9S D\u2019INSCRIPTION<\/h4>\n\n\n\n<p>Renseignements et inscription directement aupr\u00e8s du professeur<\/p>\n\n\n\n<p class=\"has-text-align-left\"><em>Tous les r\u00e8glements se font \u00e0 l\u2019ordre de<\/em>&nbsp;\u00ab&nbsp;ASCEPL&nbsp;\u00bb <\/p>\n\n\n\n<h4 class=\"wp-block-heading\"><strong>OBJET DE L\u2019ENSEIGNEMENT<\/strong>&nbsp;<strong>: SYNTHESE DU QI GONG<\/strong><\/h4>\n\n\n\n<p>Le Qi gong est une gymnastique douce traditionnelle chinoise qui permet de prendre conscience du souffle, d&rsquo;assouplir le corps et de se d\u00e9tendre. Les mouvements d\u2019\u00e9tirements et rotations stimulent l\u2019\u00e9nergie interne, tonifient et renforcent \u00ab l\u2019enracinement. \u00bb. Proche du Tai Qi, cette discipline se pratique \u00e0 tous \u00e2ges et \u00e0 tous niveaux.<\/p>\n\n\n\n<h4 class=\"wp-block-heading\"> Le certificat m\u00e9dical pour la pratique du QI GONG<\/h4>\n\n\n\n<p> \u2013 Obligatoire pour la premi\u00e8re adh\u00e9sion,<br><strong> \u00ab Absence de contre-indication apparente \u00e0 la pratique du QI GONG\/TAI-CHI\u00bb<\/strong><br> \u2013 Si nous poss\u00e9dons d\u00e9j\u00e0 un certificat m\u00e9dical (valable trois ans maximum), vous pouvez nous signer une Attestation sant\u00e9 stipulant que vous avez r\u00e9pondu par la n\u00e9gative \u00e0 toutes les rubriques du document Cerfa 15699*01<\/p>\n\n\n<p align=\"center\">\n<a target=\"_blank\" href=\"http:\/\/ascepl.fr\/wordpress\/wp-content\/uploads\/2019\/07\/questionnaire_qs-sport.pdf\" rel=\"noopener noreferrer\"><br \/>\n<img loading=\"lazy\" decoding=\"async\" border=\"0\" src=\"http:\/\/ascepl.fr\/wordpress\/wp-content\/uploads\/2019\/07\/pdf1.jpg\" width=\"21\" height=\"21\">questionnaire-de-sant\u00e9<\/a><\/p>\n\n\n<div class=\"wp-block-image\">\n<figure class=\"aligncenter size-large is-resized\"><img loading=\"lazy\" decoding=\"async\" width=\"549\" height=\"1024\" src=\"http:\/\/ascepl.fr\/wordpress\/wp-content\/uploads\/2019\/07\/silhouette-3087521_1280-549x1024.png\" alt=\"\" class=\"wp-image-177\" style=\"width:120px;height:224px\" srcset=\"https:\/\/ascepl.fr\/wordpress\/wp-content\/uploads\/2019\/07\/silhouette-3087521_1280-549x1024.png 549w, https:\/\/ascepl.fr\/wordpress\/wp-content\/uploads\/2019\/07\/silhouette-3087521_1280-161x300.png 161w, https:\/\/ascepl.fr\/wordpress\/wp-content\/uploads\/2019\/07\/silhouette-3087521_1280.png 686w\" sizes=\"auto, (max-width: 549px) 100vw, 549px\" \/><\/figure><\/div>","protected":false},"excerpt":{"rendered":"<div class=\"mh-excerpt\"><p>SAISON 2025-2026 Reprise le 18 septembre LIEU DE PRATIQUE GYMNASE LEPIC \/ DURANTIN 45, RUE DURANTIN 75018 PARIS PROFESSEURE dipl\u00f4m\u00e9e Mme Isabelle SPOHR&nbsp;t\u00e9l: 06 09 <a class=\"mh-excerpt-more\" href=\"https:\/\/ascepl.fr\/wordpress\/qi-gong\/\" title=\"QI GONG &#038; TAI-CHI\">[&#8230;]<\/a><\/p>\n<\/div>","protected":false},"author":1,"featured_media":0,"parent":0,"menu_order":0,"comment_status":"closed","ping_status":"closed","template":"","meta":{"footnotes":""},"class_list":["post-54","page","type-page","status-publish","hentry"],"_links":{"self":[{"href":"https:\/\/ascepl.fr\/wordpress\/wp-json\/wp\/v2\/pages\/54","targetHints":{"allow":["GET"]}}],"collection":[{"href":"https:\/\/ascepl.fr\/wordpress\/wp-json\/wp\/v2\/pages"}],"about":[{"href":"https:\/\/ascepl.fr\/wordpress\/wp-json\/wp\/v2\/types\/page"}],"author":[{"embeddable":true,"href":"https:\/\/ascepl.fr\/wordpress\/wp-json\/wp\/v2\/users\/1"}],"replies":[{"embeddable":true,"href":"https:\/\/ascepl.fr\/wordpress\/wp-json\/wp\/v2\/comments?post=54"}],"version-history":[{"count":46,"href":"https:\/\/ascepl.fr\/wordpress\/wp-json\/wp\/v2\/pages\/54\/revisions"}],"predecessor-version":[{"id":913,"href":"https:\/\/ascepl.fr\/wordpress\/wp-json\/wp\/v2\/pages\/54\/revisions\/913"}],"wp:attachment":[{"href":"https:\/\/ascepl.fr\/wordpress\/wp-json\/wp\/v2\/media?parent=54"}],"curies":[{"name":"wp","href":"https:\/\/api.w.org\/{rel}","templated":true}]}}